{"id":12350,"date":"2019-04-05T09:23:56","date_gmt":"2019-04-05T09:23:56","guid":{"rendered":"https:\/\/viptourtransfer.com\/ueber-uns-i\/"},"modified":"2024-03-09T23:36:12","modified_gmt":"2024-03-09T23:36:12","slug":"ueber-uns-i","status":"publish","type":"page","link":"https:\/\/viptourtransfer.com\/de\/ueber-uns-i\/","title":{"rendered":"\u00dcber uns I"},"content":{"rendered":"<section class=\"wpb-content-wrapper\"><p>[vc_row][vc_column width=&#8220;1\/2&#8243;][vc_custom_heading text=&#8220;Bei uns geht es nicht nur um Flughafentransfers, sondern darum, eine Oase des Komforts und der Leichtigkeit f\u00fcr die letzte Etappe Ihrer Reise zu schaffen.&#8220; font_container=&#8220;tag:h3|text_align:left&#8220; use_theme_fonts=&#8220;yes&#8220;][vc_column_text]<strong>Entfliehen Sie der Hektik am Flughafen:<\/strong> \u00dcberspringen Sie die Warteschlangen, die hektische Suche nach Taxis und die Angst, sich auf unbekannten Stra\u00dfen zurechtzufinden. Unser engagiertes Team empf\u00e4ngt Sie mit pers\u00f6nlicher Aufmerksamkeit und ist bereit, Sie in einer Flotte von tadellos gewarteten Luxusfahrzeugen zu entf\u00fchren. Die komfortable Innenausstattung, die gro\u00dfz\u00fcgige Beinfreiheit und die Annehmlichkeiten lassen die Reisestrapazen vergessen.[\/vc_column_text]<div class=\"theme-component-list theme-component-list-style-2 theme-margin-top-40\">\n<ul>\n<li>Professionally Trained Chauffeurs<\/li>\n<li>24\/7 Full-Service Transportation<\/li>\n<li>Global network of Transportation Partners<\/li>\n<\/ul>\n<\/div>[\/vc_column][vc_column width=&#8220;1\/2&#8243;][vc_single_image image=&#8220;11956&#8243; img_size=&#8220;full&#8220; el_class=&#8220;theme-image-style-1&#8243;][\/vc_column][\/vc_row][vc_row el_class=&#8220;theme-margin-top-40&#8243;][vc_column]\n            <div class=\"theme-component-counter-box\" data-animation_duration=\"2000\">\n                [vc_row_inner el_class=&#8220;theme-column-margin-0&#8243;][vc_column_inner width=&#8220;1\/4&#8243;][\/vc_column_inner][vc_column_inner width=&#8220;1\/4&#8243;][\/vc_column_inner][vc_column_inner width=&#8220;1\/4&#8243;][\/vc_column_inner][vc_column_inner width=&#8220;1\/4&#8243;][\/vc_column_inner][\/vc_row_inner]\n            <\/div>\n        [\/vc_column][\/vc_row][vc_row full_width=&#8220;stretch_row_content_no_spaces&#8220; equal_height=&#8220;yes&#8220;][vc_column width=&#8220;1\/2&#8243; css=&#8220;.vc_custom_1569325339582{background-image: url(http:\/\/quanticalabs.com\/wp_themes4\/autoride\/wp-content\/uploads\/sites\/2d\/2019\/09\/image_01-1.jpg?id=10425) !important;}&#8220;][\/vc_column][vc_column width=&#8220;1\/2&#8243; el_class=&#8220;theme-column-style-1 theme-background-color-12&#8243;][vc_custom_heading text=&#8220;wir sind der Meinung, dass Reisen eine Erweiterung Ihres Komforts sein sollte und nicht eine Quelle von Stress. Lassen Sie uns das Allt\u00e4gliche erledigen, w\u00e4hrend Sie die Vorfreude auf Ihr Ziel genie\u00dfen. Buchen Sie noch heute Ihren Transfer und entdecken Sie den Unterschied &#8211; wo Luxus auf Effizienz trifft und jede Reise ein Fl\u00fcstern ist: &#8222;Willkommen zu Hause.&#8222;&#8220; font_container=&#8220;tag:h3|text_align:left&#8220; use_theme_fonts=&#8220;yes&#8220;][vc_column_text]<\/p>\n<p data-sourcepos=\"7:1-7:244\"><strong>Entspannen Sie sich, tanken Sie auf, finden Sie wieder Anschluss:<\/strong> Einfach durchatmen. Ganz gleich, ob Sie sich nach Ruhe sehnen oder Ihre Arbeit nachholen m\u00fcssen, unsere Umgebung an Bord passt sich Ihrer Stimmung an.<\/p>\n<p data-sourcepos=\"9:1-9:264\"><strong>Sichere H\u00e4nde, jede Meile:<\/strong> Ihr Wohlbefinden ist unsere Priorit\u00e4t. Unsere professionellen, fachlich geschulten und ortskundigen Fahrer navigieren mit Selbstvertrauen und H\u00f6flichkeit durch die Stra\u00dfen der Stadt. Lehnen Sie sich zur\u00fcck, entspannen Sie sich, und genie\u00dfen Sie die Landschaft &#8211; Ihre Sicherheit liegt in unseren erfahrenen H\u00e4nden.<\/p>\n<p data-sourcepos=\"11:1-11:290\"><strong>Kein Ziel ist unerreichbar:<\/strong> Ganz gleich, ob Sie ein Hotel in der Innenstadt, eine Privatwohnung oder ein Gesch\u00e4ftstreffen am anderen Ende der Stadt ansteuern, wir gehen auf Ihre speziellen Bed\u00fcrfnisse ein. Unser umfangreiches Netzwerk deckt alle wichtigen Flugh\u00e4fen und Zielorte ab und gew\u00e4hrleistet einen nahtlosen \u00dcbergang vom Landeplatz bis zur Haust\u00fcr.<\/p>\n<p>[\/vc_column_text]<div class=\"theme-component-list theme-component-list-style-2 theme-margin-top-40\">\n<ul>\n<li>Professionally Trained Drivers<\/li>\n<li>24\/7 Full-Service Transportation<\/li>\n<li>Brand-new Cars &amp; Vans For Your Comfort<\/li>\n<\/ul>\n<\/div>[\/vc_column][\/vc_row][vc_row full_width=&#8220;stretch_row_content_no_spaces&#8220;][vc_column]\n            <div class=\"theme-component-process-list\">\n                [vc_row_inner equal_height=&#8220;yes&#8220;][vc_column_inner width=&#8220;1\/4&#8243;]\n            <div class=\"theme-component-process-list-item theme-component-process-list-item-even\">\n                <div>01<\/div>\n                <span class=\"theme-icon-feature-calendar\"><\/span>\n                <p>Jeder unserer Fahrer zeichnet sich durch Professionalit\u00e4t und P\u00fcnktlichkeit aus<\/p>\n            <\/div>\n        [\/vc_column_inner][vc_column_inner width=&#8220;1\/4&#8243;]\n            <div class=\"theme-component-process-list-item theme-component-process-list-item-odd\">\n                <div>02<\/div>\n                <span class=\"theme-icon-feature-recurring-1\"><\/span>\n                <p>Wir gehen immer einen Schritt weiter, wenn es um die Sicherheit<\/p>\n            <\/div>\n        [\/vc_column_inner][vc_column_inner width=&#8220;1\/4&#8243;]\n            <div class=\"theme-component-process-list-item theme-component-process-list-item-even\">\n                <div>03<\/div>\n                <span class=\"theme-icon-feature-bag-1\"><\/span>\n                <p>Sie k\u00f6nnen sich darauf verlassen, dass wir Sie mit unserem Wissen und unserer Erfahrung auf Ihrer Tour begleiten<\/p>\n            <\/div>\n        [\/vc_column_inner][vc_column_inner width=&#8220;1\/4&#8243;]\n            <div class=\"theme-component-process-list-item theme-component-process-list-item-odd\">\n                <div>04<\/div>\n                <span class=\"theme-icon-feature-award\"><\/span>\n                <p>Erstklassige Qualit\u00e4t und preisgekr\u00f6nter Kundenservice<\/p>\n            <\/div>\n        [\/vc_column_inner][\/vc_row_inner]\n            <\/div>\n        [\/vc_column][\/vc_row][vc_row el_class=&#8220;theme-section-padding&#8220;][vc_column el_class=&#8220;theme-margin-top-100 theme-margin-bottom-0&#8243;]\r\n            <p class=\"theme-component-paragraph-large theme-component-paragraph-large-style-2 aligncenter theme-padding-bottom-80\">\r\n                M\u00f6chten Sie Ihren Urlaub nicht stressfrei mit einem angenehmen Transferprozess beginnen und Ihre R\u00fcckreise mit Komfort verbinden?\r\n            <\/p>\r\n        [\/vc_column][\/vc_row]<\/p>\n<\/section>","protected":false},"excerpt":{"rendered":"<p>[vc_row][vc_column width=&#8220;1\/2&#8243;][vc_custom_heading text=&#8220;Bei uns geht es nicht nur um Flughafentransfers, sondern darum, eine Oase des Komforts und der Leichtigkeit f\u00fcr die letzte Etappe Ihrer Reise zu schaffen.&#8220; font_container=&#8220;tag:h3|text_align:left&#8220; use_theme_fonts=&#8220;yes&#8220;][vc_column_text]Entfliehen Sie der Hektik am Flughafen: \u00dcberspringen Sie die Warteschlangen, die hektische Suche nach Taxis und die Angst, sich auf unbekannten Stra\u00dfen zurechtzufinden. Unser engagiertes Team empf\u00e4ngt [&#8230;]<\/p>\n","protected":false},"author":1,"featured_media":0,"parent":0,"menu_order":0,"comment_status":"closed","ping_status":"closed","template":"","meta":{"footnotes":""},"class_list":["post-12350","page","type-page","status-publish","hentry"],"aioseo_notices":[],"_links":{"self":[{"href":"https:\/\/viptourtransfer.com\/de\/wp-json\/wp\/v2\/pages\/12350","targetHints":{"allow":["GET"]}}],"collection":[{"href":"https:\/\/viptourtransfer.com\/de\/wp-json\/wp\/v2\/pages"}],"about":[{"href":"https:\/\/viptourtransfer.com\/de\/wp-json\/wp\/v2\/types\/page"}],"author":[{"embeddable":true,"href":"https:\/\/viptourtransfer.com\/de\/wp-json\/wp\/v2\/users\/1"}],"replies":[{"embeddable":true,"href":"https:\/\/viptourtransfer.com\/de\/wp-json\/wp\/v2\/comments?post=12350"}],"version-history":[{"count":3,"href":"https:\/\/viptourtransfer.com\/de\/wp-json\/wp\/v2\/pages\/12350\/revisions"}],"predecessor-version":[{"id":12353,"href":"https:\/\/viptourtransfer.com\/de\/wp-json\/wp\/v2\/pages\/12350\/revisions\/12353"}],"wp:attachment":[{"href":"https:\/\/viptourtransfer.com\/de\/wp-json\/wp\/v2\/media?parent=12350"}],"curies":[{"name":"wp","href":"https:\/\/api.w.org\/{rel}","templated":true}]}}