{"id":12211,"date":"2019-04-05T09:26:24","date_gmt":"2019-04-05T09:26:24","guid":{"rendered":"https:\/\/viptourtransfer.com\/contact-us\/"},"modified":"2024-03-17T20:56:34","modified_gmt":"2024-03-17T20:56:34","slug":"contact-us","status":"publish","type":"page","link":"https:\/\/viptourtransfer.com\/de\/contact-us\/","title":{"rendered":"Contact Us"},"content":{"rendered":"<section class=\"wpb-content-wrapper\"><p>[vc_row full_width=&#8220;stretch_row_content_no_spaces&#8220; equal_height=&#8220;yes&#8220;][vc_column width=&#8220;1\/2&#8243; el_class=&#8220;theme-column-style-3&#8243;][vc_custom_heading text=&#8220;OFFICE ANTALYA&#8220; font_container=&#8220;tag:h3|text_align:left&#8220; use_theme_fonts=&#8220;yes&#8220;][vc_column_text]Yesilk\u00f6y, Antalya Havaalan\u0131 D\u0131s Hatlar Terminali 1, 07230 Muratpasa\/Antalya\/TURKIYE<\/p>\n<p>Whatsapp: <a href=\"http:\/\/wa.me\/905525919809\">+90 552 591 98 09<\/a><\/p>\n<p>Instagram: <a href=\"https:\/\/www.instagram.com\/viptourtransfer07\">viptourtransfer07<\/a><\/p>\n<p>Email: <a href=\"mailto:info@viptourtransfer.com\">info@viptourtransfer.com<\/a><\/p>\n<p>Phone: +90 552 591 98 09[\/vc_column_text][\/vc_column][vc_column width=&#8220;1\/2&#8243; el_class=&#8220;theme-column-style-4 theme-background-color-12&#8243;][vc_custom_heading text=&#8220;HEAD OFFICE AFYON&#8220; font_container=&#8220;tag:h3|text_align:left&#8220; use_theme_fonts=&#8220;yes&#8220;][vc_column_text]KOCAKERIMOGLU TAS. TUR. LTD. STI<\/p>\n<p>ADRESS: DERVISPASA MAH. KEMAL ASKAR CAD. OZTABAK APT. NO:2\/B MERKEZ\/AFYON\/TURKIYE<\/p>\n<p>TAX NUMBER: 566 00 390 65<\/p>\n<p><strong>TURSAB NO \/ LICENCE NR: 12009<\/strong>[\/vc_column_text][\/vc_column][\/vc_row][vc_row el_class=&#8220;theme-section-padding&#8220;][vc_column el_class=&#8220;theme-column-style-2 theme-margin-bottom-0&#8243;][\/vc_column][\/vc_row]<\/p>\n<\/section>","protected":false},"excerpt":{"rendered":"<p>[vc_row full_width=&#8220;stretch_row_content_no_spaces&#8220; equal_height=&#8220;yes&#8220;][vc_column width=&#8220;1\/2&#8243; el_class=&#8220;theme-column-style-3&#8243;][vc_custom_heading text=&#8220;OFFICE ANTALYA&#8220; font_container=&#8220;tag:h3|text_align:left&#8220; use_theme_fonts=&#8220;yes&#8220;][vc_column_text]Yesilk\u00f6y, Antalya Havaalan\u0131 D\u0131s Hatlar Terminali 1, 07230 Muratpasa\/Antalya\/TURKIYE Whatsapp: +90 552 591 98 09 Instagram: viptourtransfer07 Email: info@viptourtransfer.com Phone: +90 552 591 98 09[\/vc_column_text][\/vc_column][vc_column width=&#8220;1\/2&#8243; el_class=&#8220;theme-column-style-4 theme-background-color-12&#8243;][vc_custom_heading text=&#8220;HEAD OFFICE AFYON&#8220; font_container=&#8220;tag:h3|text_align:left&#8220; use_theme_fonts=&#8220;yes&#8220;][vc_column_text]KOCAKERIMOGLU TAS. TUR. LTD. STI ADRESS: DERVISPASA MAH. KEMAL ASKAR CAD. OZTABAK APT. NO:2\/B MERKEZ\/AFYON\/TURKIYE [&#8230;]<\/p>\n","protected":false},"author":1,"featured_media":0,"parent":0,"menu_order":0,"comment_status":"closed","ping_status":"closed","template":"","meta":{"footnotes":""},"class_list":["post-12211","page","type-page","status-publish","hentry"],"aioseo_notices":[],"_links":{"self":[{"href":"https:\/\/viptourtransfer.com\/de\/wp-json\/wp\/v2\/pages\/12211","targetHints":{"allow":["GET"]}}],"collection":[{"href":"https:\/\/viptourtransfer.com\/de\/wp-json\/wp\/v2\/pages"}],"about":[{"href":"https:\/\/viptourtransfer.com\/de\/wp-json\/wp\/v2\/types\/page"}],"author":[{"embeddable":true,"href":"https:\/\/viptourtransfer.com\/de\/wp-json\/wp\/v2\/users\/1"}],"replies":[{"embeddable":true,"href":"https:\/\/viptourtransfer.com\/de\/wp-json\/wp\/v2\/comments?post=12211"}],"version-history":[{"count":18,"href":"https:\/\/viptourtransfer.com\/de\/wp-json\/wp\/v2\/pages\/12211\/revisions"}],"predecessor-version":[{"id":12432,"href":"https:\/\/viptourtransfer.com\/de\/wp-json\/wp\/v2\/pages\/12211\/revisions\/12432"}],"wp:attachment":[{"href":"https:\/\/viptourtransfer.com\/de\/wp-json\/wp\/v2\/media?parent=12211"}],"curies":[{"name":"wp","href":"https:\/\/api.w.org\/{rel}","templated":true}]}}