{"id":12195,"date":"2019-09-24T07:31:51","date_gmt":"2019-09-24T07:31:51","guid":{"rendered":"https:\/\/viptourtransfer.com\/home\/"},"modified":"2024-03-09T22:55:24","modified_gmt":"2024-03-09T22:55:24","slug":"home","status":"publish","type":"page","link":"https:\/\/viptourtransfer.com\/de\/","title":{"rendered":"Startseite"},"content":{"rendered":"<section class=\"wpb-content-wrapper\"><p>[vc_row el_class=&#8220;theme-margin-bottom-10&#8243;][vc_column width=&#8220;1\/3&#8243;][vc_custom_heading text=&#8220;Von Limousinen<br \/>\nan Coach<br \/>\nBusse.&#8220; use_theme_fonts=&#8220;yes&#8220; el_class=&#8220;theme-header-style-1&#8243;][\/vc_column][vc_column width=&#8220;1\/3&#8243;][vc_custom_heading text=&#8220;Erwarten Sie das Beste&#8220; font_container=&#8220;tag:h3|text_align:left&#8220; use_theme_fonts=&#8220;yes&#8220;][vc_column_text]Durch unser au\u00dfergew\u00f6hnliches Serviceangebot, bei dem kein Detail unbeachtet bleibt, haben wir das Gl\u00fcck, uns zum f\u00fchrenden Anbieter von Bodentransporten in der Region entwickelt zu haben.[\/vc_column_text][\/vc_column][vc_column width=&#8220;1\/3&#8243;][vc_custom_heading text=&#8220;Reisen mit Komfort&#8220; font_container=&#8220;tag:h3|text_align:left&#8220; use_theme_fonts=&#8220;yes&#8220;][vc_column_text]Wir bei AutoRide sind stolz darauf, umfassende Dienstleistungen anzubieten, die alle Ihre Bed\u00fcrfnisse erf\u00fcllen und eine erstklassige Kundenbetreuung bieten. Unser Ziel ist es, Ihre Reisen sicher, m\u00fchelos und p\u00fcnktlich zu gestalten.[\/vc_column_text][\/vc_column][\/vc_row][vc_row full_width=&#8220;stretch_row&#8220; el_class=&#8220;theme-margin-bottom-30&#8243;][vc_column][vc_single_image image=&#8220;12070&#8243; img_size=&#8220;full&#8220; el_class=&#8220;theme-image-style-3&#8243;][vc_single_image image=&#8220;12072&#8243; img_size=&#8220;full&#8220; el_class=&#8220;theme-image-style-3&#8243;][\/vc_column][\/vc_row][vc_row el_class=&#8220;theme-margin-bottom-40&#8243;][vc_column]\n            <div class=\"theme-component-blockquote theme-component-blockquote-style-1\">\n                <span class=\"theme-icon-meta-quote\"><\/span>\n                <blockquote>Erleben Sie den Gipfel an Luxus und Komfort mit unserem VIP-Transfer-Service, der sicherstellt, dass Ihre Reise so au\u00dfergew\u00f6hnlich ist wie Ihr Ziel<\/blockquote>\n                <div>VIP Tour &amp; Transfer Team<\/div>\n            <\/div>\n        [\/vc_column][\/vc_row][vc_row full_width=&#8220;stretch_row&#8220; disable_element=&#8220;yes&#8220; el_class=&#8220;theme-background-color-7&#8243;][vc_column el_class=&#8220;theme-column-style-2 theme-margin-bottom-0&#8243;]\r\n            <div class=\"theme-component-header-subheader aligncenter\">\r\n                <div class=\"theme-component-header-subheader-subheader\">WHAT WE OFFER<\/div>\r\n                <h2 class=\"theme-component-header-subheader-header\">See What We Can Do for You<\/h2>\r\n            <\/div>\r\n        [vc_row][vc_column el_class=\"theme-margin-bottom-10\"]\n            <div data-column_count=\"2\" class=\"theme-component-gallery theme-component-gallery-type-1 theme-component-gallery-effect-type-2\">\n                <ul>\n                    \r\n            <li class=\"theme-component-gallery-item-width-50\">\r\n                <a data-fancybox-group=\"autoride-gallery-1\" href=\"\/airport-transfer\/\">\r\n                    <img decoding=\"async\" src=\"https:\/\/viptourtransfer.com\/wp-content\/uploads\/2019\/04\/airport_transfer_home_thumb.jpg\" alt=\"\"\/>\r\n                    <span><span><\/span><span>AIRPORT TRANSFER<\/span><\/span>\r\n                    <i><\/i>\r\n                <\/a>\r\n            <\/li>\r\n        \r\n            <li class=\"theme-component-gallery-item-width-50\">\r\n                <a data-fancybox-group=\"autoride-gallery-1\" href=\"#\">\r\n                    <img decoding=\"async\" src=\"https:\/\/viptourtransfer.com\/wp-content\/uploads\/2019\/04\/antalya_city_tour.jpg\" alt=\"\"\/>\r\n                    <span><span><\/span><span>CITY TOURS<\/span><\/span>\r\n                    <i><\/i>\r\n                <\/a>\r\n            <\/li>\r\n        \r\n            <li class=\"theme-component-gallery-item-width-50\">\r\n                <a data-fancybox-group=\"autoride-gallery-1\" href=\"#\">\r\n                    <img decoding=\"async\" src=\"https:\/\/viptourtransfer.com\/wp-content\/uploads\/2019\/04\/kapadokya_tur_thumb.jpg\" alt=\"\"\/>\r\n                    <span><span><\/span><span>CAPPADOCIA TOURS<\/span><\/span>\r\n                    <i><\/i>\r\n                <\/a>\r\n            <\/li>\r\n        \r\n            <li class=\"theme-component-gallery-item-width-25\">\r\n                <a data-fancybox-group=\"autoride-gallery-1\" href=\"#\">\r\n                    <img decoding=\"async\" src=\"https:\/\/viptourtransfer.com\/wp-content\/uploads\/2019\/04\/aspendos_thumb.jpg\" alt=\"\"\/>\r\n                    <span><span><\/span><span>HISTORY TOURS<\/span><\/span>\r\n                    <i><\/i>\r\n                <\/a>\r\n            <\/li>\r\n        \r\n            <li class=\"theme-component-gallery-item-width-25\">\r\n                <a data-fancybox-group=\"autoride-gallery-1\" href=\"#\">\r\n                    <img decoding=\"async\" src=\"https:\/\/viptourtransfer.com\/wp-content\/uploads\/2019\/04\/yatch_renting_thumb.jpg\" alt=\"\"\/>\r\n                    <span><span><\/span><span>Yatch Tours &amp; Rental<\/span><\/span>\r\n                    <i><\/i>\r\n                <\/a>\r\n            <\/li>\r\n        \n                <\/ul>\n            <\/div>\n        [\/vc_column][\/vc_row]\r\n            <div class=\"theme-component-button theme-component-button-style-1 aligncenter\">\r\n                <a href=\"\/our-services-i\/\" target=\"_self\">\r\n                    Weitere Dienstleistungen\r\n                <\/a>\r\n            <\/div>\r\n        [\/vc_column][\/vc_row][vc_row el_class=&#8220;theme-column-style-2&#8243;][vc_column el_class=&#8220;theme-margin-bottom-0&#8243;]\r\n            <div class=\"theme-component-header-subheader aligncenter theme-margin-bottom-30\">\r\n                <div class=\"theme-component-header-subheader-subheader\">WARUM UNS W\u00c4HLEN<\/div>\r\n                <h2 class=\"theme-component-header-subheader-header\">Wir dienen seit 2005 in Antalya<\/h2>\r\n            <\/div>\r\n        \r\n            <div class=\"theme-component-feature-circle\" data-item-first-radius=\"25\" style=\"height:700px;\">\r\n                \r\n                <div class=\"theme-component-feature-circle-circle\" style=\"width:340px;height:340px;margin-left:-170px;margin-top:-170px;\">\r\n                    <span>7 CORE VALUES<\/span><span>That make us the best transportation company in the area<\/span>\r\n                <\/div>\r\n            \r\n                <div class=\"theme-component-feature-circle-circle\" style=\"width:510px;height:510px;margin-left:-255px;margin-top:-255px;\">\r\n                    \n            <div class=\"theme-component-feature-circle-item\" data-label_position=\"right\">\n                <span class=\"theme-component-feature-circle-item-circle\">\n                    <span class=\"theme-icon-meta-tick-3\"><\/span>\n                <\/span>\n                <span class=\"theme-component-feature-circle-item-label\">Zuverl\u00e4ssigkeit<\/span>\n            <\/div>\n        \n            <div class=\"theme-component-feature-circle-item\" data-label_position=\"right\">\n                <span class=\"theme-component-feature-circle-item-circle\">\n                    <span class=\"theme-icon-meta-tick-3\"><\/span>\n                <\/span>\n                <span class=\"theme-component-feature-circle-item-label\">Komfort<\/span>\n            <\/div>\n        \n            <div class=\"theme-component-feature-circle-item\" data-label_position=\"right\">\n                <span class=\"theme-component-feature-circle-item-circle\">\n                    <span class=\"theme-icon-meta-tick-3\"><\/span>\n                <\/span>\n                <span class=\"theme-component-feature-circle-item-label\">Transparente Geb\u00fchren<\/span>\n            <\/div>\n        \n            <div class=\"theme-component-feature-circle-item\" data-label_position=\"bottom\">\n                <span class=\"theme-component-feature-circle-item-circle\">\n                    <span class=\"theme-icon-meta-tick-3\"><\/span>\n                <\/span>\n                <span class=\"theme-component-feature-circle-item-label\">Einfache Kommunikation<\/span>\n            <\/div>\n        \n            <div class=\"theme-component-feature-circle-item\" data-label_position=\"left\">\n                <span class=\"theme-component-feature-circle-item-circle\">\n                    <span class=\"theme-icon-meta-tick-3\"><\/span>\n                <\/span>\n                <span class=\"theme-component-feature-circle-item-label\">Streben nach kontinuierlicher Verbesserung<\/span>\n            <\/div>\n        \n            <div class=\"theme-component-feature-circle-item\" data-label_position=\"left\">\n                <span class=\"theme-component-feature-circle-item-circle\">\n                    <span class=\"theme-icon-meta-tick-3\"><\/span>\n                <\/span>\n                <span class=\"theme-component-feature-circle-item-label\">Sicherheit<\/span>\n            <\/div>\n        \n            <div class=\"theme-component-feature-circle-item\" data-label_position=\"left\">\n                <span class=\"theme-component-feature-circle-item-circle\">\n                    <span class=\"theme-icon-meta-tick-3\"><\/span>\n                <\/span>\n                <span class=\"theme-component-feature-circle-item-label\">Erfahrung<\/span>\n            <\/div>\n        \r\n                <\/div>\r\n            \r\n                <div class=\"theme-component-feature-circle-circle\" style=\"width:600px;height:600px;margin-left:-300px;margin-top:-300px;\">\r\n                    \r\n                <\/div>\r\n            \r\n            <\/div>\r\n        \r\n                    <div class=\"theme-component-feature-circle-responsive\">\r\n                        <span>7 CORE VALUES that make us the best transportation company in the area<\/span>\r\n                        <div class=\"theme-component-list theme-component-list-style-2\"><ul><li>Zuverl\u00e4ssigkeit<\/li><li>Komfort<\/li><li>Transparente Geb\u00fchren<\/li><li>Einfache Kommunikation<\/li><li>Streben nach kontinuierlicher Verbesserung<\/li><li>Sicherheit<\/li><li>Erfahrung<\/li><\/ul><\/div>\r\n                    <\/div>\r\n                [\/vc_column][\/vc_row][vc_row full_width=&#8220;stretch_row_content_no_spaces&#8220; equal_height=&#8220;yes&#8220; css=&#8220;.vc_custom_1700401728817{background-image: url(https:\/\/viptourtransfer.com\/wp-content\/uploads\/2023\/11\/yorumlar.jpg?id=11787) !important;background-position: center !important;background-repeat: no-repeat !important;background-size: cover !important;}&#8220;][vc_column width=&#8220;1\/2&#8243; el_class=&#8220;theme-column-style-1 theme-background-color-7&#8243;]\n            <div class=\"theme-component-testimonial-list theme-component-testimonial-list-style-2\">\n                <div>\n                    \n            <div class=\"theme-component-testimonial-list-item\">\n                <span class=\"theme-icon-feature-testimonials-2\"><span><\/span><\/span>\n                <p>Ich k\u00f6nnte mit dem Transport, den Sie gemacht haben, nicht gl\u00fccklicher sein. Es war gro\u00dfartig und Ihr Auto war unglaublich. Vielen Dank f\u00fcr Ihren gro\u00dfartigen Service und ich werde weiterhin Freunde und Familie an Sie alle verweisen.<\/p>\n                <div>Betty Finsen<\/div>\n            <\/div>\n        \n            <div class=\"theme-component-testimonial-list-item\">\n                <span class=\"theme-icon-feature-testimonials-2\"><span><\/span><\/span>\n                <p>Tolle Erfahrung mit dieser Firma. Ich habe viele andere in Oakland benutzt, aber das war bei weitem das Beste. Ihr habt unsere Reise so einfach gemacht. Toller Kundenservice, wundervolle Fahrer und bei weitem das beste und erschwinglichste Transportunternehmen, das ich verwendet habe. Vielen Dank!<\/p>\n                <div>Mark Webster<\/div>\n            <\/div>\n        \n            <div class=\"theme-component-testimonial-list-item\">\n                <span class=\"theme-icon-feature-testimonials-2\"><span><\/span><\/span>\n                <p>Ich stellte Autorid ein, um mich mit ihrer Limousine am Flughafen abzuholen. Ich war gerade von einer langen Reise in Deutschland zur\u00fcckgekommen und war sehr m\u00fcde. Der Fahrer war p\u00fcnktlich und \u00e4u\u00dferst h\u00f6flich und ich hatte \u00fcberhaupt keine Probleme. Guter Service!<\/p>\n                <div>Kevin Foster<\/div>\n            <\/div>\n        \n            <div class=\"theme-component-testimonial-list-item\">\n                <span class=\"theme-icon-feature-testimonials-2\"><span><\/span><\/span>\n                <p>Dies ist der beste Service, den ich bisher hatte. Der Fahrer war p\u00fcnktlich und sehr hilfsbereit, er kannte die Stadt gut. Seine F\u00e4higkeiten haben dazu beigetragen, Staus zu vermeiden. Ich werde allen meinen Freunden Autorid empfehlen!<\/p>\n                <div>Mitch Michael<\/div>\n            <\/div>\n        \n                <\/div>\n            <\/div>\n        [\/vc_column][vc_column width=&#8220;1\/2&#8243;][\/vc_column][\/vc_row][vc_row el_class=&#8220;theme-margin-top-100&#8243;][vc_column el_class=&#8220;theme-margin-bottom-0&#8243;]\r\n            <div class=\"theme-component-header-subheader aligncenter\">\r\n                <div class=\"theme-component-header-subheader-subheader\">Verpflichtung zur Arbeit<\/div>\r\n                <h2 class=\"theme-component-header-subheader-header\">Zuverl\u00e4ssige und sichere Transportdienste<\/h2>\r\n            <\/div>\r\n        [\/vc_column][\/vc_row][vc_row el_class=&#8220;theme-margin-bottom-60&#8243;][vc_column width=&#8220;1\/2&#8243; el_class=&#8220;theme-margin-bottom-0&#8243;][vc_row][vc_column el_class=\"theme-margin-bottom-0\"]\n            <div data-column_count=\"2\" class=\"theme-component-gallery theme-component-gallery-type-2 theme-component-gallery-effect-type-1 theme-margin-bottom-0\">\n                <ul>\n                    \r\n            <li class=\"theme-component-gallery-item-width-25\">\r\n                <a class=\"theme-image-fancybox\" data-fancybox-group=\"autoride-gallery-2\" href=\"https:\/\/viptourtransfer.com\/wp-content\/uploads\/2019\/04\/mercedes_vito.jpg\">\r\n                    <img decoding=\"async\" src=\"https:\/\/viptourtransfer.com\/wp-content\/uploads\/2019\/04\/mercedes_vito.jpg\" alt=\"\"\/>\r\n                    \r\n                    <i><\/i>\r\n                <\/a>\r\n            <\/li>\r\n        \r\n            <li class=\"theme-component-gallery-item-width-25\">\r\n                <a class=\"theme-image-fancybox\" data-fancybox-group=\"autoride-gallery-2\" href=\"https:\/\/viptourtransfer.com\/wp-content\/uploads\/2019\/04\/mercedes_SUV.jpg\">\r\n                    <img decoding=\"async\" src=\"https:\/\/viptourtransfer.com\/wp-content\/uploads\/2019\/04\/mercedes_SUV.jpg\" alt=\"\"\/>\r\n                    \r\n                    <i><\/i>\r\n                <\/a>\r\n            <\/li>\r\n        \r\n            <li class=\"theme-component-gallery-item-width-25\">\r\n                <a class=\"theme-image-fancybox\" data-fancybox-group=\"autoride-gallery-2\" href=\"https:\/\/viptourtransfer.com\/wp-content\/uploads\/2019\/04\/mercedes_c200.jpg\">\r\n                    <img decoding=\"async\" src=\"https:\/\/viptourtransfer.com\/wp-content\/uploads\/2019\/04\/mercedes_c200.jpg\" alt=\"\"\/>\r\n                    \r\n                    <i><\/i>\r\n                <\/a>\r\n            <\/li>\r\n        \r\n            <li class=\"theme-component-gallery-item-width-25\">\r\n                <a class=\"theme-image-fancybox\" data-fancybox-group=\"autoride-gallery-2\" href=\"https:\/\/viptourtransfer.com\/wp-content\/uploads\/2019\/04\/sprinter.jpg\">\r\n                    <img decoding=\"async\" src=\"https:\/\/viptourtransfer.com\/wp-content\/uploads\/2019\/04\/sprinter.jpg\" alt=\"\"\/>\r\n                    \r\n                    <i><\/i>\r\n                <\/a>\r\n            <\/li>\r\n        \n                <\/ul>\n            <\/div>\n        [\/vc_column][\/vc_row][\/vc_column][vc_column width=&#8220;1\/2&#8243; el_class=&#8220;theme-margin-bottom-40&#8243;][vc_custom_heading text=&#8220;Umfassende Auswahl&#8220; font_container=&#8220;tag:h3|text_align:center&#8220; use_theme_fonts=&#8220;yes&#8220; el_class=&#8220;theme-margin-top-40&#8243;]\r\n            <p class=\"theme-component-paragraph-large theme-component-paragraph-large-style-1 aligncenter\">\r\n                Mit unseren Fahrzeugen und Partnerunternehmen sind wir sicher eine Fahrt, um Ihren Anforderungen zu entsprechen. Wir bringen Sie dorthin, wo Sie gehen m\u00f6chten, wenn Sie gehen m\u00f6chten und in der Art von Fahrzeug, die Ihnen am besten f\u00fcr Sie geeignet ist.\r\n            <\/p>\r\n        \n            <div class=\"theme-component-counter-box theme-margin-top-60\" data-animation_duration=\"2000\">\n                [vc_row_inner][vc_column_inner width=&#8220;1\/2&#8243;]\n            <div class=\"theme-component-counter-box-item\" data-value=\"40\">\n                <span class=\"theme-component-counter-box-item-circle-1\"><\/span>\n                <span class=\"theme-component-counter-box-item-circle-2\"><\/span>\n                <span class=\"theme-component-counter-box-item-value\">0<\/span>\n                <span class=\"theme-component-counter-box-item-label\">Partner<\/span>\n                <span class=\"theme-component-counter-box-item-tick theme-icon-meta-tick-3\"><\/span>   \n            <\/div>\n        [\/vc_column_inner][vc_column_inner width=&#8220;1\/2&#8243;]\n            <div class=\"theme-component-counter-box-item\" data-value=\"6000\">\n                <span class=\"theme-component-counter-box-item-circle-1\"><\/span>\n                <span class=\"theme-component-counter-box-item-circle-2\"><\/span>\n                <span class=\"theme-component-counter-box-item-value\">0<\/span>\n                <span class=\"theme-component-counter-box-item-label\">\u00dcberweisungen<\/span>\n                <span class=\"theme-component-counter-box-item-tick theme-icon-meta-tick-3\"><\/span>   \n            <\/div>\n        [\/vc_column_inner][\/vc_row_inner]\n            <\/div>\n        \r\n            <div class=\"theme-component-button theme-component-button-style-1 aligncenter aligncenter\">\r\n                <a href=\"#\" target=\"_self\">\r\n                    Unsere Flotte\r\n                <\/a>\r\n            <\/div>\r\n        [\/vc_column][\/vc_row][vc_row el_class=&#8220;theme-column-style-2&#8243;][vc_column el_class=&#8220;theme-margin-bottom-0&#8243;]\r\n            <div class=\"theme-component-header-subheader aligncenter theme-margin-bottom-0\">\r\n                <div class=\"theme-component-header-subheader-subheader\">HAUPTMERKMALE<\/div>\r\n                <h2 class=\"theme-component-header-subheader-header\">Machen Sie Ihre Reise mit uns zu Ihnen den Weg<\/h2>\r\n            <\/div>\r\n        [\/vc_column][\/vc_row][vc_row][vc_column]\n            <div class=\"theme-component-feature theme-component-feature-style-1\">\n                [vc_row_inner][vc_column_inner width=&#8220;1\/4&#8243;]\r\n            <div class=\"theme-component-feature-item\">\r\n                <span class=\"theme-icon-feature-garage theme-component-feature-item-icon\"><span><\/span><\/span>\r\n                <h4 class=\"theme-component-feature-item-header\">Safety First<\/h4><p>Erfahrenes Personal und professionell ausgebildete Chauffeure<\/p>\n\r\n            <\/div>\r\n        [\/vc_column_inner][vc_column_inner width=&#8220;1\/4&#8243;]\r\n            <div class=\"theme-component-feature-item\">\r\n                <span class=\"theme-icon-feature-paper-plane theme-component-feature-item-icon\"><span><\/span><\/span>\r\n                <h4 class=\"theme-component-feature-item-header\">Angemessener Preis<\/h4><p>Wir k\u00f6nnen Ihnen das richtige Fahrzeug zum richtigen Preis f\u00fcr Ihr Budget anbieten<\/p>\n\r\n            <\/div>\r\n        [\/vc_column_inner][vc_column_inner width=&#8220;1\/4&#8243;]\r\n            <div class=\"theme-component-feature-item\">\r\n                <span class=\"theme-icon-feature-bus-1 theme-component-feature-item-icon\"><span><\/span><\/span>\r\n                <h4 class=\"theme-component-feature-item-header\">Erfahrenes Team<\/h4><p>Wir bieten eine umfangreiche Fahrzeugflotte und erfahrene lokale Fahrer<\/p>\n\r\n            <\/div>\r\n        [\/vc_column_inner][vc_column_inner width=&#8220;1\/4&#8243;]\r\n            <div class=\"theme-component-feature-item\">\r\n                <span class=\"theme-icon-feature-road-pin theme-component-feature-item-icon\"><span><\/span><\/span>\r\n                <h4 class=\"theme-component-feature-item-header\">Transparente Preisgestaltung<\/h4><p>Wir bieten unsere Transportdienstleistungen zu transparenten Preisen an<\/p>\n\r\n            <\/div>\r\n        [\/vc_column_inner][\/vc_row_inner]\n            <\/div>\n        [\/vc_column][\/vc_row][vc_row el_class=&#8220;theme-margin-bottom-100 aligncenter&#8220;][vc_column el_class=&#8220;theme-margin-bottom-0&#8243;]\r\n            <div class=\"theme-component-button theme-component-button-style-3 alignleft\">\r\n                <a href=\"\/about-us\/\" target=\"_self\">\r\n                    \u00dcber das Unternehmen\r\n                <\/a>\r\n            <\/div>\r\n        [\/vc_column][\/vc_row]<\/p>\n<\/section>","protected":false},"excerpt":{"rendered":"<p>[vc_row el_class=&#8220;theme-margin-bottom-10&#8243;][vc_column width=&#8220;1\/3&#8243;][vc_custom_heading text=&#8220;Von Limousinen an Coach Busse.&#8220; use_theme_fonts=&#8220;yes&#8220; el_class=&#8220;theme-header-style-1&#8243;][\/vc_column][vc_column width=&#8220;1\/3&#8243;][vc_custom_heading text=&#8220;Erwarten Sie das Beste&#8220; font_container=&#8220;tag:h3|text_align:left&#8220; use_theme_fonts=&#8220;yes&#8220;][vc_column_text]Durch unser au\u00dfergew\u00f6hnliches Serviceangebot, bei dem kein Detail unbeachtet bleibt, haben wir das Gl\u00fcck, uns zum f\u00fchrenden Anbieter von Bodentransporten in der Region entwickelt zu haben.[\/vc_column_text][\/vc_column][vc_column width=&#8220;1\/3&#8243;][vc_custom_heading text=&#8220;Reisen mit Komfort&#8220; font_container=&#8220;tag:h3|text_align:left&#8220; use_theme_fonts=&#8220;yes&#8220;][vc_column_text]Wir bei AutoRide sind stolz darauf, umfassende Dienstleistungen [&#8230;]<\/p>\n","protected":false},"author":1,"featured_media":0,"parent":0,"menu_order":0,"comment_status":"closed","ping_status":"closed","template":"","meta":{"footnotes":""},"class_list":["post-12195","page","type-page","status-publish","hentry"],"aioseo_notices":[],"_links":{"self":[{"href":"https:\/\/viptourtransfer.com\/de\/wp-json\/wp\/v2\/pages\/12195","targetHints":{"allow":["GET"]}}],"collection":[{"href":"https:\/\/viptourtransfer.com\/de\/wp-json\/wp\/v2\/pages"}],"about":[{"href":"https:\/\/viptourtransfer.com\/de\/wp-json\/wp\/v2\/types\/page"}],"author":[{"embeddable":true,"href":"https:\/\/viptourtransfer.com\/de\/wp-json\/wp\/v2\/users\/1"}],"replies":[{"embeddable":true,"href":"https:\/\/viptourtransfer.com\/de\/wp-json\/wp\/v2\/comments?post=12195"}],"version-history":[{"count":16,"href":"https:\/\/viptourtransfer.com\/de\/wp-json\/wp\/v2\/pages\/12195\/revisions"}],"predecessor-version":[{"id":12345,"href":"https:\/\/viptourtransfer.com\/de\/wp-json\/wp\/v2\/pages\/12195\/revisions\/12345"}],"wp:attachment":[{"href":"https:\/\/viptourtransfer.com\/de\/wp-json\/wp\/v2\/media?parent=12195"}],"curies":[{"name":"wp","href":"https:\/\/api.w.org\/{rel}","templated":true}]}}